{"id":10,"date":"2020-01-10T21:56:40","date_gmt":"2020-01-10T20:56:40","guid":{"rendered":"http:\/\/labriu-rozwoj.home.amu.edu.pl\/?page_id=10"},"modified":"2020-03-26T15:29:29","modified_gmt":"2020-03-26T14:29:29","slug":"dydaktyka","status":"publish","type":"page","link":"http:\/\/rozwoj.amu.edu.pl\/?page_id=10","title":{"rendered":"Dydaktyka"},"content":{"rendered":"<h3>Przedmioty prowadzone przez pracownik\u00f3w Zak\u0142adu na poszczeg\u00f3lnych latach psychologii i kognitywistyki.<\/h3>\n<h4><span style=\"color: #ff6600;\">UWAGA! Pliki dla student\u00f3w dost\u0119pne s\u0105 na stronach Zak\u0142ad\u00f3w sprzed po\u0142\u0105czenia w Zak\u0142ad Psychologii Rozwoju:<\/span><\/h4>\n<ul>\n<li><span style=\"color: #ff6600;\"><a style=\"color: #ff6600;\" href=\"http:\/\/zpsiwr.home.amu.edu.pl\/\">Zak\u0142ad Psychologii Socjalizacji i Wspomagania Rozwoju (http:\/\/zpsiwr.home.amu.edu.pl\/)<\/a><\/span><\/li>\n<li><span style=\"color: #ff6600;\"><a style=\"color: #ff6600;\" href=\"http:\/\/pribnr.home.amu.edu.pl\/\">Zak\u0142\u0105d Psychologii Rozwoju Cz\u0142owieka i Bada\u0144 nad Rodzin\u0105 (http:\/\/pribnr.home.amu.edu.pl\/)<\/a><\/span><\/li>\n<\/ul>\n<h4>Psychologia.\u00a0Tryb stacjonarny.<\/h4>\n<p>I rok:<br \/><a href=\"http:\/\/labriu-rozwoj.home.amu.edu.pl\/?page_id=98\">Biologiczne podstawy zachowa\u0144<\/a><\/p>\n<p>II rok:<br \/><a href=\"http:\/\/labriu-rozwoj.home.amu.edu.pl\/?page_id=100\">Psychologia rozwoju cz\u0142owieka w cyklu \u017cycia<\/a><\/p>\n<p>III rok: <br \/><a href=\"http:\/\/labriu-rozwoj.home.amu.edu.pl\/?page_id=103\">Zdrowie publiczne,<\/a>\u00a0<br \/><a href=\"http:\/\/labriu-rozwoj.home.amu.edu.pl\/?page_id=105\">Psychologia stosowana: Wprowadzenie do psychologii edukacji.<\/a><\/p>\n<p>IV-V rok:<br \/><a href=\"http:\/\/labriu-rozwoj.home.amu.edu.pl\/?page_id=107\">Specjalno\u015b\u0107: Organizacja \u015brodowiska uczenia si\u0119 a SPE<\/a>,<br \/><a href=\"http:\/\/labriu-rozwoj.home.amu.edu.pl\/?page_id=116\">Specjalno\u015b\u0107: Animacja spo\u0142eczno\u015bci lokalnych<\/a>,<br \/><a href=\"http:\/\/labriu-rozwoj.home.amu.edu.pl\/?page_id=113\">Seminaria fakultatywne<\/a>,<br \/><a href=\"http:\/\/labriu-rozwoj.home.amu.edu.pl\/?page_id=111\">Seminaria magisterskie<\/a>,<br \/><a href=\"http:\/\/labriu-rozwoj.home.amu.edu.pl\/?page_id=113\">Wyk\u0142ady fakultatywne<\/a>,<\/p>\n<h4>\u00a0<\/h4>\n<h4>Psychologia. Tryb niestacjonarny.<\/h4>\n<p>I rok: Biologiczne podstawy zachowa\u0144<\/p>\n<p>II rok: Psychologia rozwoju cz\u0142owieka w cyklu \u017cycia<\/p>\n<p>III rok<\/p>\n<p>IV rok<\/p>\n<p>V rok\u00a0<\/p>\n<h4>Kognitywistyka<\/h4>\n<p><a href=\"http:\/\/labriu-rozwoj.home.amu.edu.pl\/?page_id=119\">Psychologia ewolucyjno-rozwojowa<\/a><\/p>\n\n\n<p><\/p>\n","protected":false},"excerpt":{"rendered":"<p>Przedmioty prowadzone przez pracownik\u00f3w Zak\u0142adu na poszczeg\u00f3lnych latach psychologii i kognitywistyki. UWAGA! Pliki dla student\u00f3w dost\u0119pne s\u0105 na stronach Zak\u0142ad\u00f3w sprzed po\u0142\u0105czenia w Zak\u0142ad Psychologii Rozwoju: Zak\u0142ad Psychologii Socjalizacji i Wspomagania Rozwoju (http:\/\/zpsiwr.home.amu.edu.pl\/) Zak\u0142\u0105d Psychologii Rozwoju Cz\u0142owieka i Bada\u0144 nad Rodzin\u0105 (http:\/\/pribnr.home.amu.edu.pl\/) Psychologia.\u00a0Tryb stacjonarny. I rok:Biologiczne podstawy zachowa\u0144 II rok:Psychologia rozwoju cz\u0142owieka w cyklu \u017cycia [&hellip;]<\/p>\n","protected":false},"author":1,"featured_media":0,"parent":8,"menu_order":0,"comment_status":"closed","ping_status":"closed","template":"","meta":[],"_links":{"self":[{"href":"http:\/\/rozwoj.amu.edu.pl\/index.php?rest_route=\/wp\/v2\/pages\/10"}],"collection":[{"href":"http:\/\/rozwoj.amu.edu.pl\/index.php?rest_route=\/wp\/v2\/pages"}],"about":[{"href":"http:\/\/rozwoj.amu.edu.pl\/index.php?rest_route=\/wp\/v2\/types\/page"}],"author":[{"embeddable":true,"href":"http:\/\/rozwoj.amu.edu.pl\/index.php?rest_route=\/wp\/v2\/users\/1"}],"replies":[{"embeddable":true,"href":"http:\/\/rozwoj.amu.edu.pl\/index.php?rest_route=%2Fwp%2Fv2%2Fcomments&post=10"}],"version-history":[{"count":5,"href":"http:\/\/rozwoj.amu.edu.pl\/index.php?rest_route=\/wp\/v2\/pages\/10\/revisions"}],"predecessor-version":[{"id":191,"href":"http:\/\/rozwoj.amu.edu.pl\/index.php?rest_route=\/wp\/v2\/pages\/10\/revisions\/191"}],"up":[{"embeddable":true,"href":"http:\/\/rozwoj.amu.edu.pl\/index.php?rest_route=\/wp\/v2\/pages\/8"}],"wp:attachment":[{"href":"http:\/\/rozwoj.amu.edu.pl\/index.php?rest_route=%2Fwp%2Fv2%2Fmedia&parent=10"}],"curies":[{"name":"wp","href":"https:\/\/api.w.org\/{rel}","templated":true}]}}