{"id":111,"date":"2020-01-14T21:17:37","date_gmt":"2020-01-14T20:17:37","guid":{"rendered":"http:\/\/labriu-rozwoj.home.amu.edu.pl\/?page_id=111"},"modified":"2021-09-27T13:37:03","modified_gmt":"2021-09-27T11:37:03","slug":"seminaria-magisterskie","status":"publish","type":"page","link":"http:\/\/rozwoj.amu.edu.pl\/?page_id=111","title":{"rendered":"Seminaria magisterskie"},"content":{"rendered":"<p><a href=\"http:\/\/rozwoj.amu.edu.pl\/?page_id=320\">Seminarium magisterskie &#8211; dr Karolina Appelt<\/a><\/p>\n<p><a href=\"http:\/\/rozwoj.amu.edu.pl\/?page_id=241\">Seminarium magisterskie &#8211; prof. UAM dr hab. Lucyna Bakiera<\/a><\/p>\n<p><a href=\"http:\/\/rozwoj.amu.edu.pl\/?page_id=381\">Seminarium magisterskie &#8211; dr S\u0142awomir Jab\u0142o\u0144ski<\/a><\/p>\n<p><a href=\"http:\/\/rozwoj.amu.edu.pl\/?page_id=244\">Seminarium magisterskie &#8211; prof. UAM dr hab. B\u0142a\u017cej Smykowski<\/a><\/p>\n<p><a href=\"http:\/\/rozwoj.amu.edu.pl\/?page_id=246\">Seminarium magisterskie &#8211; dr Julita Wojciechowska<\/a><\/p>\n<p>\u00a0<\/p>\n\n\n<p><\/p>\n","protected":false},"excerpt":{"rendered":"<p>Seminarium magisterskie &#8211; dr Karolina Appelt Seminarium magisterskie &#8211; prof. UAM dr hab. Lucyna Bakiera Seminarium magisterskie &#8211; dr S\u0142awomir Jab\u0142o\u0144ski Seminarium magisterskie &#8211; prof. UAM dr hab. B\u0142a\u017cej Smykowski Seminarium magisterskie &#8211; dr Julita Wojciechowska \u00a0<\/p>\n","protected":false},"author":1,"featured_media":0,"parent":230,"menu_order":5,"comment_status":"closed","ping_status":"closed","template":"","meta":[],"_links":{"self":[{"href":"http:\/\/rozwoj.amu.edu.pl\/index.php?rest_route=\/wp\/v2\/pages\/111"}],"collection":[{"href":"http:\/\/rozwoj.amu.edu.pl\/index.php?rest_route=\/wp\/v2\/pages"}],"about":[{"href":"http:\/\/rozwoj.amu.edu.pl\/index.php?rest_route=\/wp\/v2\/types\/page"}],"author":[{"embeddable":true,"href":"http:\/\/rozwoj.amu.edu.pl\/index.php?rest_route=\/wp\/v2\/users\/1"}],"replies":[{"embeddable":true,"href":"http:\/\/rozwoj.amu.edu.pl\/index.php?rest_route=%2Fwp%2Fv2%2Fcomments&post=111"}],"version-history":[{"count":8,"href":"http:\/\/rozwoj.amu.edu.pl\/index.php?rest_route=\/wp\/v2\/pages\/111\/revisions"}],"predecessor-version":[{"id":383,"href":"http:\/\/rozwoj.amu.edu.pl\/index.php?rest_route=\/wp\/v2\/pages\/111\/revisions\/383"}],"up":[{"embeddable":true,"href":"http:\/\/rozwoj.amu.edu.pl\/index.php?rest_route=\/wp\/v2\/pages\/230"}],"wp:attachment":[{"href":"http:\/\/rozwoj.amu.edu.pl\/index.php?rest_route=%2Fwp%2Fv2%2Fmedia&parent=111"}],"curies":[{"name":"wp","href":"https:\/\/api.w.org\/{rel}","templated":true}]}}