{"id":113,"date":"2020-01-14T21:18:41","date_gmt":"2020-01-14T20:18:41","guid":{"rendered":"http:\/\/labriu-rozwoj.home.amu.edu.pl\/?page_id=113"},"modified":"2020-01-14T21:37:41","modified_gmt":"2020-01-14T20:37:41","slug":"wyklady-fakultatywne","status":"publish","type":"page","link":"http:\/\/rozwoj.amu.edu.pl\/?page_id=113","title":{"rendered":"Wyk\u0142ady fakultatywne"},"content":{"rendered":"<p>M\u00f3zgowe podstawy rozwoju psychicznego cz\u0142owieka<\/p>\n","protected":false},"excerpt":{"rendered":"<p>M\u00f3zgowe podstawy rozwoju psychicznego cz\u0142owieka<\/p>\n","protected":false},"author":1,"featured_media":0,"parent":10,"menu_order":4,"comment_status":"closed","ping_status":"closed","template":"","meta":[],"_links":{"self":[{"href":"http:\/\/rozwoj.amu.edu.pl\/index.php?rest_route=\/wp\/v2\/pages\/113"}],"collection":[{"href":"http:\/\/rozwoj.amu.edu.pl\/index.php?rest_route=\/wp\/v2\/pages"}],"about":[{"href":"http:\/\/rozwoj.amu.edu.pl\/index.php?rest_route=\/wp\/v2\/types\/page"}],"author":[{"embeddable":true,"href":"http:\/\/rozwoj.amu.edu.pl\/index.php?rest_route=\/wp\/v2\/users\/1"}],"replies":[{"embeddable":true,"href":"http:\/\/rozwoj.amu.edu.pl\/index.php?rest_route=%2Fwp%2Fv2%2Fcomments&post=113"}],"version-history":[{"count":2,"href":"http:\/\/rozwoj.amu.edu.pl\/index.php?rest_route=\/wp\/v2\/pages\/113\/revisions"}],"predecessor-version":[{"id":124,"href":"http:\/\/rozwoj.amu.edu.pl\/index.php?rest_route=\/wp\/v2\/pages\/113\/revisions\/124"}],"up":[{"embeddable":true,"href":"http:\/\/rozwoj.amu.edu.pl\/index.php?rest_route=\/wp\/v2\/pages\/10"}],"wp:attachment":[{"href":"http:\/\/rozwoj.amu.edu.pl\/index.php?rest_route=%2Fwp%2Fv2%2Fmedia&parent=113"}],"curies":[{"name":"wp","href":"https:\/\/api.w.org\/{rel}","templated":true}]}}