{"id":16,"date":"2020-01-10T22:02:35","date_gmt":"2020-01-10T21:02:35","guid":{"rendered":"http:\/\/labriu-rozwoj.home.amu.edu.pl\/?page_id=16"},"modified":"2020-09-17T10:49:11","modified_gmt":"2020-09-17T08:49:11","slug":"kola-naukowe","status":"publish","type":"page","link":"http:\/\/rozwoj.amu.edu.pl\/?page_id=16","title":{"rendered":"Ko\u0142a naukowe"},"content":{"rendered":"<h2 style=\"text-align: left;\">Ko\u0142o Naukowe Bli\u017cej Neuropsychologii<\/h2>\n<p><img decoding=\"async\" loading=\"lazy\" class=\" wp-image-128 alignright\" src=\"http:\/\/labriu-rozwoj.home.amu.edu.pl\/wp-content\/uploads\/2020\/01\/LOGO-KOLA-2-300x265-1.jpg\" alt=\"\" width=\"276\" height=\"244\" srcset=\"http:\/\/rozwoj.amu.edu.pl\/wp-content\/uploads\/2020\/01\/LOGO-KOLA-2-300x265-1.jpg 300w, http:\/\/rozwoj.amu.edu.pl\/wp-content\/uploads\/2020\/01\/LOGO-KOLA-2-300x265-1-231x204.jpg 231w\" sizes=\"(max-width: 276px) 100vw, 276px\" \/><\/p>\n<p>Problematyka: Geneza struktury wy\u017cszych funkcji psychicznych i jej zwi\u0105zki z rozwojem uk\u0142adu nerwowego.<br \/>Opiekun naukowy: dr S\u0142awomir Jab\u0142o\u0144ski<br \/>Przewodnicz\u0105ca: Nicola \u0141azar\u00f3w (IV rok psychologii)<\/p>\n<ul>\n<li><a href=\"http:\/\/uampsych.home.amu.edu.pl\/kolo\/?p=68\" target=\"_blank\" rel=\"noopener noreferrer\">Aktualno\u015bci<\/a><\/li>\n<li><a href=\"http:\/\/uampsych.home.amu.edu.pl\/kolo\/wp-content\/uploads\/Statut-Kola-obowiazujacy.pdf\" target=\"_blank\" rel=\"noopener noreferrer\">Statut ko\u0142a<\/a><\/li>\n<li><a href=\"http:\/\/uampsych.home.amu.edu.pl\/kolo\/?p=179\">Sprawozdania 2005-2019<\/a><\/li>\n<\/ul>\n<h2>\u00a0<\/h2>\n<h2>Ko\u0142o Naukowe Psychologii Rodziny<\/h2>\n<p>W ramach funkcjonowania Sekcji proponujemy Wam trzy g\u0142\u00f3wne formy <img decoding=\"async\" loading=\"lazy\" class=\"size-full wp-image-129 alignright\" src=\"http:\/\/labriu-rozwoj.home.amu.edu.pl\/wp-content\/uploads\/2020\/01\/knpr.png\" alt=\"\" width=\"228\" height=\"221\" srcset=\"http:\/\/rozwoj.amu.edu.pl\/wp-content\/uploads\/2020\/01\/knpr.png 228w, http:\/\/rozwoj.amu.edu.pl\/wp-content\/uploads\/2020\/01\/knpr-49x46.png 49w, http:\/\/rozwoj.amu.edu.pl\/wp-content\/uploads\/2020\/01\/knpr-210x204.png 210w\" sizes=\"(max-width: 228px) 100vw, 228px\" \/>dzia\u0142alno\u015bci: 1) grupy seminaryjno-dyskusyjne po\u015bwi\u0119cone analizom problem\u00f3w teoretycznych w obszarze psychologii rodziny (m. in. psychologiczne koncepcje funkcjonowania rodziny, zmiany w zakresie modeli r\u00f3l rodzinnych, alternatywne formy \u017cycia rodzinnego, problemy wychowawcze w rodzinie), 2) pomoc w projektowaniu i prowadzeniu bada\u0144 naukowych oraz mo\u017cliwo\u015b\u0107 w\u0142\u0105czenia si\u0119 w ju\u017c prowadzone badania (proponowane problemy badawcze: prospektywne aspekty rodzicielstwa; do\u015bwiadczanie blisko\u015bci w rodzinie, psychologiczne uwarunkowania satysfakcji ma\u0142\u017ce\u0144skiej), 3) spotkania z praktykami i teoretykami z zakresu familiologii. Planujemy tak\u017ce wsp\u00f3\u0142prac\u0119 z ko\u0142ami naukowymi o podobnym profilu zainteresowa\u0144 naukowych, a tak\u017ce przygotowywanie referat\u00f3w na konferencje oraz publikacji naukowych na bazie prowadzonych bada\u0144.<\/p>\n<p>kontakt: e-mail, czw. 11.15-13.15 (pok. 88); Kamil Janowicz e-mail, czw, 13:00-14:00 (pok. 95)<br \/>opiekunka naukowa: dr hab. Lucyna Bakiera<\/p>\n<p>\u00a0<\/p>\n<h2>Ko\u0142o Naukowe Zrozumie\u0107 Niepe\u0142nosprawno\u015b\u0107 Intelektualn\u0105<\/h2>\n<p>Organizujemy:<\/p>\n<ul>\n<li>spotkania seminaryjno-dyskusyjne<\/li>\n<li>spotkania ze specjalistami &#8211; badaczami oraz praktykami pracuj\u0105cymi z osobami z NI<\/li>\n<li>warsztaty<\/li>\n<li>realizujemy projekty badawcze<\/li>\n<\/ul>\n<p>Obecnie przygotowujemy test do badania postaw wobec os\u00f3b z NI. Spotykamy si\u0119 2-3 razy w miesi\u0105cu w <a href=\"http:\/\/labriu-rozwoj.home.amu.edu.pl\/?page_id=23\">Laboratorium Badania Rozwoju i Uczenia<\/a>.<\/p>\n<p>Opiekunami naukowymi ko\u0142a s\u0105 prof. dr hab. Anna I. Brzezi\u0144ska oraz dr Ma\u0142gorzata R\u0119kosiewicz\u00a0<\/p>\n<p>Aktualno\u015bci:\u00a0<a href=\"https:\/\/www.facebook.com\/zrozumiec\/\"> https:\/\/www.facebook.com\/zrozumiec\/<\/a><\/p>\n<p>\u00a0<\/p>\n<p>Empatyczni &#8211; logo + opis + odno\u015bnik \/ kontakt<\/p>\n\n\n<p><\/p>\n\n\n\n<p><a href=\"\"><\/a><\/p>\n","protected":false},"excerpt":{"rendered":"<p>Ko\u0142o Naukowe Bli\u017cej Neuropsychologii Problematyka: Geneza struktury wy\u017cszych funkcji psychicznych i jej zwi\u0105zki z rozwojem uk\u0142adu nerwowego.Opiekun naukowy: dr S\u0142awomir Jab\u0142o\u0144skiPrzewodnicz\u0105ca: Nicola \u0141azar\u00f3w (IV rok psychologii) Aktualno\u015bci Statut ko\u0142a Sprawozdania 2005-2019 \u00a0 Ko\u0142o Naukowe Psychologii Rodziny W ramach funkcjonowania Sekcji proponujemy Wam trzy g\u0142\u00f3wne formy dzia\u0142alno\u015bci: 1) grupy seminaryjno-dyskusyjne po\u015bwi\u0119cone analizom problem\u00f3w teoretycznych w obszarze [&hellip;]<\/p>\n","protected":false},"author":1,"featured_media":0,"parent":8,"menu_order":8,"comment_status":"closed","ping_status":"closed","template":"","meta":[],"_links":{"self":[{"href":"http:\/\/rozwoj.amu.edu.pl\/index.php?rest_route=\/wp\/v2\/pages\/16"}],"collection":[{"href":"http:\/\/rozwoj.amu.edu.pl\/index.php?rest_route=\/wp\/v2\/pages"}],"about":[{"href":"http:\/\/rozwoj.amu.edu.pl\/index.php?rest_route=\/wp\/v2\/types\/page"}],"author":[{"embeddable":true,"href":"http:\/\/rozwoj.amu.edu.pl\/index.php?rest_route=\/wp\/v2\/users\/1"}],"replies":[{"embeddable":true,"href":"http:\/\/rozwoj.amu.edu.pl\/index.php?rest_route=%2Fwp%2Fv2%2Fcomments&post=16"}],"version-history":[{"count":12,"href":"http:\/\/rozwoj.amu.edu.pl\/index.php?rest_route=\/wp\/v2\/pages\/16\/revisions"}],"predecessor-version":[{"id":249,"href":"http:\/\/rozwoj.amu.edu.pl\/index.php?rest_route=\/wp\/v2\/pages\/16\/revisions\/249"}],"up":[{"embeddable":true,"href":"http:\/\/rozwoj.amu.edu.pl\/index.php?rest_route=\/wp\/v2\/pages\/8"}],"wp:attachment":[{"href":"http:\/\/rozwoj.amu.edu.pl\/index.php?rest_route=%2Fwp%2Fv2%2Fmedia&parent=16"}],"curies":[{"name":"wp","href":"https:\/\/api.w.org\/{rel}","templated":true}]}}