{"id":182,"date":"2020-03-04T05:54:13","date_gmt":"2020-03-04T04:54:13","guid":{"rendered":"http:\/\/rozwoj.amu.edu.pl\/?page_id=182"},"modified":"2020-03-04T05:54:15","modified_gmt":"2020-03-04T04:54:15","slug":"zaklad-psychologii-rozwojowej-i-wychowawczej","status":"publish","type":"page","link":"http:\/\/rozwoj.amu.edu.pl\/?page_id=182","title":{"rendered":"Zak\u0142ad Psychologii Rozwojowej i Wychowawczej"},"content":{"rendered":"\n<p> Zak\u0142ad Psychologii Rozwojowej i Wychowawczej (tak brzmia\u0142a pierwotna nazwa Zak\u0142adu) powsta\u0142 w roku akademickim 1969\/70. Pierwszym kierownikiem Zak\u0142adu zosta\u0142a prof. dr hab. Maria Tyszkowa (\u201eDzieje UAM\u201d, 1972, s. 558), kt\u00f3ra kierowa\u0142a Zak\u0142adem niemal 24 lata. W 1990r. pierwotna nazwa Zak\u0142adu zosta\u0142a zmieniona na Zak\u0142ad Psychologii Rozwoju Cz\u0142owieka i Wychowania. Podstawowym powodem tej zmiany by\u0142o zaznaczenie przyjmowanej perspektywy life-span (rozw\u00f3j w cyklu \u017cycia) w badaniach nad rozwojem&#8230; (<em>strona w budowie<\/em>)<\/p>\n","protected":false},"excerpt":{"rendered":"<p>Zak\u0142ad Psychologii Rozwojowej i Wychowawczej (tak brzmia\u0142a pierwotna nazwa Zak\u0142adu) powsta\u0142 w roku akademickim 1969\/70. Pierwszym kierownikiem Zak\u0142adu zosta\u0142a prof. dr hab. Maria Tyszkowa (\u201eDzieje UAM\u201d, 1972, s. 558), kt\u00f3ra kierowa\u0142a Zak\u0142adem niemal 24 lata. W 1990r. pierwotna nazwa Zak\u0142adu zosta\u0142a zmieniona na Zak\u0142ad Psychologii Rozwoju Cz\u0142owieka i Wychowania. Podstawowym powodem tej zmiany by\u0142o zaznaczenie [&hellip;]<\/p>\n","protected":false},"author":1,"featured_media":0,"parent":2,"menu_order":1,"comment_status":"closed","ping_status":"closed","template":"","meta":[],"_links":{"self":[{"href":"http:\/\/rozwoj.amu.edu.pl\/index.php?rest_route=\/wp\/v2\/pages\/182"}],"collection":[{"href":"http:\/\/rozwoj.amu.edu.pl\/index.php?rest_route=\/wp\/v2\/pages"}],"about":[{"href":"http:\/\/rozwoj.amu.edu.pl\/index.php?rest_route=\/wp\/v2\/types\/page"}],"author":[{"embeddable":true,"href":"http:\/\/rozwoj.amu.edu.pl\/index.php?rest_route=\/wp\/v2\/users\/1"}],"replies":[{"embeddable":true,"href":"http:\/\/rozwoj.amu.edu.pl\/index.php?rest_route=%2Fwp%2Fv2%2Fcomments&post=182"}],"version-history":[{"count":1,"href":"http:\/\/rozwoj.amu.edu.pl\/index.php?rest_route=\/wp\/v2\/pages\/182\/revisions"}],"predecessor-version":[{"id":183,"href":"http:\/\/rozwoj.amu.edu.pl\/index.php?rest_route=\/wp\/v2\/pages\/182\/revisions\/183"}],"up":[{"embeddable":true,"href":"http:\/\/rozwoj.amu.edu.pl\/index.php?rest_route=\/wp\/v2\/pages\/2"}],"wp:attachment":[{"href":"http:\/\/rozwoj.amu.edu.pl\/index.php?rest_route=%2Fwp%2Fv2%2Fmedia&parent=182"}],"curies":[{"name":"wp","href":"https:\/\/api.w.org\/{rel}","templated":true}]}}