{"id":184,"date":"2020-03-04T05:56:06","date_gmt":"2020-03-04T04:56:06","guid":{"rendered":"http:\/\/rozwoj.amu.edu.pl\/?page_id=184"},"modified":"2020-03-27T05:47:38","modified_gmt":"2020-03-27T04:47:38","slug":"zaklad-psychologii-socjalizacji-i-wspomagania-rozwoju","status":"publish","type":"page","link":"http:\/\/rozwoj.amu.edu.pl\/?page_id=184","title":{"rendered":"Zak\u0142ad Psychologii Socjalizacji i Wspomagania Rozwoju"},"content":{"rendered":"\n<p>Zak\u0142ad Psychologii Socjalizacji i Wspomagania Rozwoju utworzony zosta\u0142 w 1991 roku i kierowany by\u0142 przez wiele lat przez prof. Ann\u0119 Brzezi\u0144sk\u0105, a nast\u0119pnie przez prof. UAM B\u0142a\u017ceja Smykowskiego&#8230; CDN. (<em>strona w budowie<\/em>)<br><\/p>\n\n\n\n<ul><li>Strona www Zak\u0142adu Psychologii Socjalizacji i Wspomagania Rozwoju <a href=\"http:\/\/zpsiwr.home.amu.edu.pl\/\">(http:\/\/zpsiwr.home.amu.edu.pl\/)<\/a><\/li><\/ul>\n\n\n\n<p><\/p>\n","protected":false},"excerpt":{"rendered":"<p>Zak\u0142ad Psychologii Socjalizacji i Wspomagania Rozwoju utworzony zosta\u0142 w 1991 roku i kierowany by\u0142 przez wiele lat przez prof. Ann\u0119 Brzezi\u0144sk\u0105, a nast\u0119pnie przez prof. UAM B\u0142a\u017ceja Smykowskiego&#8230; CDN. (strona w budowie) Strona www Zak\u0142adu Psychologii Socjalizacji i Wspomagania Rozwoju (http:\/\/zpsiwr.home.amu.edu.pl\/)<\/p>\n","protected":false},"author":1,"featured_media":0,"parent":2,"menu_order":2,"comment_status":"closed","ping_status":"closed","template":"","meta":[],"_links":{"self":[{"href":"http:\/\/rozwoj.amu.edu.pl\/index.php?rest_route=\/wp\/v2\/pages\/184"}],"collection":[{"href":"http:\/\/rozwoj.amu.edu.pl\/index.php?rest_route=\/wp\/v2\/pages"}],"about":[{"href":"http:\/\/rozwoj.amu.edu.pl\/index.php?rest_route=\/wp\/v2\/types\/page"}],"author":[{"embeddable":true,"href":"http:\/\/rozwoj.amu.edu.pl\/index.php?rest_route=\/wp\/v2\/users\/1"}],"replies":[{"embeddable":true,"href":"http:\/\/rozwoj.amu.edu.pl\/index.php?rest_route=%2Fwp%2Fv2%2Fcomments&post=184"}],"version-history":[{"count":2,"href":"http:\/\/rozwoj.amu.edu.pl\/index.php?rest_route=\/wp\/v2\/pages\/184\/revisions"}],"predecessor-version":[{"id":195,"href":"http:\/\/rozwoj.amu.edu.pl\/index.php?rest_route=\/wp\/v2\/pages\/184\/revisions\/195"}],"up":[{"embeddable":true,"href":"http:\/\/rozwoj.amu.edu.pl\/index.php?rest_route=\/wp\/v2\/pages\/2"}],"wp:attachment":[{"href":"http:\/\/rozwoj.amu.edu.pl\/index.php?rest_route=%2Fwp%2Fv2%2Fmedia&parent=184"}],"curies":[{"name":"wp","href":"https:\/\/api.w.org\/{rel}","templated":true}]}}