{"id":19,"date":"2020-01-10T22:03:46","date_gmt":"2020-01-10T21:03:46","guid":{"rendered":"http:\/\/labriu-rozwoj.home.amu.edu.pl\/?page_id=19"},"modified":"2020-01-19T22:57:14","modified_gmt":"2020-01-19T21:57:14","slug":"forum-mlodych-profesjonalistow","status":"publish","type":"page","link":"http:\/\/rozwoj.amu.edu.pl\/?page_id=19","title":{"rendered":"Fabryka M\u0142odych Profesjonalist\u00f3w"},"content":{"rendered":"\n<div class=\"wp-block-image\"><figure class=\"alignleft size-large is-resized\"><img decoding=\"async\" loading=\"lazy\" src=\"data:image\/jpeg;base64,\/9j\/4AAQSkZJRgABAQAAAQABAAD\/2wCEAAkGBxESEhUTEhAVFRMVFhcVGRcVFxgXGBkRGBcXFxccGBYYHSggGRslHBUWIjEhJikrLi4uFx82ODMtNygtLisBCgoKDg0OGxAQGy8mICUrKy0rKysrLS0rLSstLSstLi0tLS0rLS0tLS0tLS0tLS0tLS0tLS0tLS0rLS0tLS0tLf\/AABEIAJsBRgMBEQACEQEDEQH\/xAAbAAEAAgMBAQAAAAAAAAAAAAAAAwQCBQYBB\/\/EAD4QAAIBAgQDBQUDDAEFAAAAAAABAgMRBBIhMQUTQQYiUWFxFDJCgZEjobEVFlJTVGJyksHR4fAzB4KTotL\/xAAaAQEAAwEBAQAAAAAAAAAAAAAAAQIDBQQG\/8QALREBAAIBAwMDAQgDAQAAAAAAAAECAwQRMRIhQQUTURQVMmGBkaGx8BZScSL\/2gAMAwEAAhEDEQA\/APuIAAAAAAAAAAAAAAAAAAAAAAAAAAAAAAAAAAAAAAAAAAAAAAAAAAAAAAAAAAAAAAAAAAAAAAAAAAAAAAAAAAAAAAAAAAAAAAAAAAAAAAAAAAAAAAAAAAAAAAAAAAAAAAAAAAAAAAAAAAAAAAAAAAAAAAAAGBDiMRGnFznJKMVdt9EIiZnaEWtERvLOnNNXTunrfyEkTvG8MwkAAAAAAAAAAAAAAAAAAAAAAAAAAAAAAAAAAAAAAAAAAA8YHCf9QeL7YeD2tKp6\/DH+v0OhosXfrs5PqGbjHDpOytGrDC041X3rXs91F6xT80jyZ5rOSel7dLW0Yoi3LcGT0gAAAAAAAAAAAAAAAAAAAAAAAAAAAAAAAAAAAAAAAAAAGv43xKOHozqS6LReMnsi+Kk3ttDHNljHTeXA9lOHSxeJdSr3oxeebfxTbvFfXX0R09TeMWOKRy5Gkxzmy9dn01I5DulyR6B5cBcI3ehIAAAAAAAAAAAAAAAAAAAAAAAAAAAAAAAAAADneIdq40akqcqM7xfjGzW6a9UBW\/Pen+pn9YgePtvT\/Uz+sSdkNJ2vx0sTTpVoaUlJxlHrGr0b8nHY9+gmsTMeXL9SrbaJjh0HYKtTeGywVpRk8\/jmez9GrfQx1kW9zefybaC1fa2jnysdpe0kMLaOXPUkrqN7JR2u2UwYJytNTqowqfZ7tfGvPlTp5Ju+Vp3Ta1ttoy+fSTSvUz0+ujJbpl1Z5XvartDxeOFpObV5N2jG9ry\/slqbYcU5LbQ8+oz+zTdS7L8cq4rNKVKMIR0um23Lw26L8S2owxj7bs9LqLZe88J32h784wwtepy5uEnBQazL1mintbREzMd1\/qN7TWKzOybFcepU61OhJSzVEtbK0c11FSd9G2miIxWmvVC1tRWt4pLzHccVOrylQq1J5M\/2ai+7e3WS6iuPqjffYvn6bdMRvKGXaaly4zVKrJyqOlkSWdVErtNOSX3l\/YtvMfhur9TXaJ25nY\/OWFql6FaM6cOY4SjFSdO9m496zS9SPZnt3jufUx3jad4TrjtJyoxgpTdaLmsttIJXvK708OupX2rd9\/C31FZmNvKGPaWk4U5RhOUqrahTSi5uzabavZJW3uT7U7z+CPqK7R+KbifHaVCdOE1K9R9LWim1G89dFd9L7EUxWtEzCcmetJiJ8tomZt3oAAAAAAAAAAAAAAAAAAAAAAAAA1+P4NQrNSq01KSVr3a0+TArfmvhP1P\/ALT\/ALkoR1+yuFcWo08radpZpOz6OzY3S43Avl1J0K+kJ\/Zz\/dl8M16Ozv4E0tNbdUM8mOL1msouD4ueBxbjU92+Sf8AC9pL7n6HWzVjPi6o5cTDedPl2lue3fCalSca9OLnHIotR1as207Lo833GGiyxXesvRr8Fr7Xq1vZHgtaWIhUlCUYQeZuScbtbJX31NdXnr0dMMdHp7TeLTD6Y2cl3N9ny\/tHj5YzFKFLWKfLgujfWX+fBHYwY4w4ptbmXC1OS2fLFY4h9C4Vw+NClGnHaK38ZPd\/NnJyXm9+qXZxYox06YaThfCFUq4mc3Vh9vK2Wc4JrR3smlL1N8mT\/wA1j8HmxYd72tO\/LW4rB4qusRVjTilKayublGolR91xjl67763Na3x16Ymf7LC+PLfeYiOf4S4upGpiIVasMRGMsNH\/AIlVUlUzXcXkV9Nd\/IrE7UmtdufK1o6skTaJ48IaeBqOnRio1YQeMbg7WqKk0+9J20d76st7kRMz+CkYrWisRvHf8244XgpU8ZUi3OpGVGLU6nefvNOOayVutjG+Tqxxt27+Hqpi6cs79428o+zXDVTqYl5ZLLN06ea+lL3rRv0u\/uLZsnVFf3UwYumbT+jV8GwVXDQpYpQnK+aFWm43lGm5vK4K19N7eZrlyVyb0\/RjixWxbZOfmE2NweIxdTEzhTjklFUYuq5QkoxtLNBZdbyd7+RWt6UrWN+\/la9cmW1piO3jd03AcTKpQpznFqeVKSaaeZaPR+evzPLkiItOz24bTNI3bEo2AAAAAAAAAAAAAAAAAAAAAAAAABXx+LjRpyqTdoxV3+CS822BykO27za0O5fpLvW+lgPO2OBjOEcVT1TUc3nF+7L77P5AaHiEPaMOqi1q0Eoz8ZUfhl\/2vR+TPdosvTPTPlzNfg6o6o8J+FdsqtGlGk6Snl0Tcmnl6Lbob5NDFrdUTs8uL1C2OvTMbrj7fz\/Zo\/zv\/wCSn2fH+zX7Tn\/VW4l22q1acqapKGZWzKTbSe9tPAtTQxW0Tupl9QtesxEbNh\/0+4RZPEzWrvGn6fFL66fJ+Jnrc28+3Db07B29y3LtrHPdXlTw\/E6NSc6cZXnT95WatrbqtTGuopa01ie8ctb4L0rFpjtPCGlx3Dyi5xneKkoN5Ze89F0+8pGqxTHVE+dlrabJWdpjxv8Aku4jEQpxc5yUYrdvY2tkrWOqZ7Ma0m07RHdVwXGKFWWWE+9a6TjKLa8VmSuvQpTUY7ztEtLYL0jeYQ\/nFhbtObVm4tuE1FSTs+9axn9Xinfv+0rzpcnx+8LcOIUnOVNS70EpNNNd163TejXmjSM9N5rvwznDbaLbcq8uOYdQjPO8s75e7K8raO0bXfrYr9TjiI7rfT5N5jbhmuMYfluqp9xNRejupNpJONrp3a6E\/UU6erdHsXi3Tt3WKuLhCcISdpVLqKs9XFXevTTxNJyVrMRPM8KRjmYm0eFkuqAAAAAAAAAAAAAAAAAAAAAAAAADW9ocDKvQnCPvaNebTvYD55DhOIc8iozzXtrFpfXb5gdrxCpHC4JQnaTyctLo5ta\/Jav5AcrwH7NVK8vcjFwyvapOa0i11XV+iMdRn9ik2aYcHvXik+Xn5XpfsOF\/8aOV9uaj+y6f2FpvP8Qx\/KtL9iw38n+Sft7UI\/x\/TH5UpfsWG\/k\/yPt7UH+P6Z3HZ3HQrUYuMVHL3XFbRa6JeFrW9To6bU\/UU6\/LwanTTp79Hjw2Z6GDhMRUlSnWqx3dWtR08ZxTh98Ti23pe14+Zj9XZia3pWk\/ET+nKOtRdOlWgmlGNempPqrKKTXTzM5x2rS1Y+Y\/iE1yRa8Wn\/Wf5lteI1aEqMI0JqrGnVhUqRTc5OGbvN9Xq7nszWpbHEUnfaY3h5MMWi8zaNt4mIT43GU8RVw6oPPKE88pRTtGCTum+l77Fslq5L16PHedkY6WxUt1+Y2hRwfEKMcNXpSknUlOqlBaybk7KyRljvSMdqTzvPby1vS05a2jjaO7Pi+AlGjhm5ONRqGHm1u4TVpJ+hGowz0UmOeJ\/wCGDNHXeJ45j\/q3XyYfFQlNZaPJVOErd2MlLVeV1Y3mK48sTPG2zGJnJimI+9v3VuM16VShXlSg1epSTqWtGbU46xvvbxsZ55reluj5juvhi1Mler4nsmr4SVPFYXNXnUvKpbPl0+ze1khbHNcuOd5nn+CmSLYsnaI4\/l1B1HPAAAAAAAAAAAAAAAAAAAAAAAAAAA8YHzvtDjpYrEKFPWKeSC8ZX1f+9EBBxWabhh6Wsaby6fHVfvS+uiPndfmtnyRSvh39BhjBjnJZ1EMNhcJRiq0YOXVuKlJy3dlvZHQimDT4o64hz5vn1OWehPwzE4Ku2qdOnmWtpU4p2+aNMOTT5e1YhTNj1GL70z+qzj+DUalOUVThFtaOMUmn02XiaZtLjvSY2ZYtRel4ndx3AMdLC4hwqaRbyTXg1tL\/AHozjaTLOmy9E8O1q8UanD115fQz6Ll87woT4jhk3CVWkpX1i5Rvm814kdNfhbe3yyxOOw9N2qVacW9bScVddHqOmPg3n5S0qtLLnjKGS3vJq1vVaERWI4hEzM8scHiqM78qcJW3yNP62JisQmZmUEOJ4VySValmbtZSjfM9PqR0RvvsdU8bsp8Wwt7OvSunaznG90\/xLTG\/KOOEmJxtCLUalWCb2jKST+jImInmDefCao4Ri27KKV23ayS1u\/IRWIjbY3mZ33R18VSjFTnOCj0k2ktfBsbfJv8ADL22nk5nMjy1vK6t9SwylioLL349\/wB3Vd7S+njoAlioKapucVOSuotq7Wuy+T+gGSrxcnBSWZJNq+qT2bQD2iGbJmWe2bLfXLte3gBDS4lRk3GNWEmtWlJNpLfQCJcbw37RS\/nj\/cBxDicabjHPTUpSS78lG0ers3d+S8wLXtMMyhmWZrMo31cfFLqgI\/yhSyynzIZYvK5ZlZS8G+j1QFlMD0AAAAAAAAAAAAOM7QdqalOs6dGUbQ0bavefX6bfJga388MV+lD+VEoR1+1eJlFxc4pNNO0UnZ+DIlMMMB9hRdf453p0vJbTmvwXmeLX6j2se0cy9mh0\/vZO\/ENr2J4Zmlz5LSOkP4ur+W3zOf6Zp95nLb8nv9T1MREYqfmj7d05c6En7jgkvDMm7r11X+or6rW3XE+E+k2r0zHlruzFObxNPJ0d35Qtrf8AD5nm0FbTnjb+w9XqFqxhnf8Asvph9Q+Zcd234XtXiv3Z+nR\/0+hxfU9PHbLH5uv6bqJ74reeGw7IcU5tLJJ9+mresej\/AKfI9Xp+o9zH0zzDza\/BGPJvHEqVLDVajxcIU6coyrTi5TbvG6Wyyu\/judB4Uns1VYrJT5cpRw1OLdVSaaTtdW63ApUUuTT5itT9rlzl8Cld20\/QvbcDa4nl+10OTlzWqZ8lv+LLpmt57ARdl8NVdKnJTp5M03ldO8tJy+PN4+QEPBYTyyarUYxVapeM4Jy9937zkrfQDzGwSqYlwnRmnZ1KdZOMl3fhn4W2ewFipxSlLCVKaTg1hrqMnfuyg1FKTd5AYYTJz6POtb2aHLz7Z9M9r6ZrWAq8Qy5cbyrcq1K+X3ebdZsttNrXsB6lKlWw+HldqNXPTk+tKUXo34xd19AIOIYtyqVMRGFRunUhy5Rg3Dl07qac9tbyA3eCxEPa6ssySlSpNXaV07v8AIMe4yxNS8u48HK8o6tRcndq24FPCzUHhsyo1YZlGnOk3Corq15RW6tun8wNpQox9uqLKrciGlla+ZgV+D8n7fn5OZzZ5+Za+T4d\/htsBr6M3Sw+HxFnanUqRV9+RPMo\/LSNvUDDC4dqdPDNP7V0cRL0UW6n3xRKHcEJAAAAAAAAAAAAAAAAHL9tuGucFWjvTVmv3P8AH9zlep6eb0648Oj6dqIpfony87E8TzQ5L96GsfOF\/wCjf3lfTNRE09ueYX9T080v1xxLo8Rh4zWWcVJeDV0dS1K35hzK2ms7wjwmCp001ThGN98qsRXFSn3YWtkvf70rRoowq01JNSSae6aumisxExtYiZid4Q0MFTg7wpxi9rpJOxSmKle9YWtkvbmUlHDxjfLFLM7uyteXi\/Fmqp7PHNnyrO1bNbXLva\/gB5DCU0nFQioybbVlZt7trqBjhsFTp3VOnCF98sUr\/QDOhQjBZYRUUr6JWWru9PVgVZcGwz1eHpNvVtwjv9AJa\/D6M2nOlCTWzlFNr5tAe18BSm050oScds0U7el9gM8RhYVFlnCMo+EkmvowMfYqeTl8uOT9HKsvjtsBlUwsJOLlCLcfdbSbi\/J9APKeFhGOSMIqGqypJKz30AhnwnDu16FJ2SSvCLslsttgJaWDpxacacYtRyppJWhvZeXkBjR4fRhLNGlCMvFRSf1QE0aEVJzyrM1Zytq4rZX8AIsRgKU2pTpQk11lFN\/VoCSth4TjlnFSi+jSa020A89mhmU8scyWVSsrqPgn4eQEwAAAAAAAAAAAAAAAABjUimmmrp6P0ItETG0m8x3h85x9CeCxKcNk80fOD3T\/AAPm81baTP1Rw+jw3rq8G08voGCxUasIzi7qSufQYskZKxaHz+Sk0tNZWDVQAAAAAAAAAAAAAAAAAAAAAAAAAAAAAAAAAAAAAAAAAAAMDS9p+Fc+l3V9pHWPn4r5\/wBjxa3Te\/j2jmHq0epnBk38Ss8CwHIoxp3u93\/E9XbyNdNi9rHFWeoy+7kmzYnoYgAAAAAAAAAAAAAAAAAAAAAAAAAAAAAAAAAAAAAAAAAAADywCwHoAAAAAAAAAAAAAAAAAAAAAAAAAAAAAAAAAAAAAAAAAAAAAAAAAAAAAAAAAAAAAAAAAAAAAAAAAAAAAAAAAAAAAAAAAAAAAAAAAAAAAAAAAAAAAAAAAAAAAAAAAAAAAAAAAAAAAAAAAAAAAAAAAAAAAAAAAAAAAAAAAAAAAAAAAAAAAAAAAAAAAAAAAAAAAAAAAAAAAAAAAAAAAAAAAAAAAAAAAAAAAAAAAD\/\/2Q==\" alt=\"\" width=\"354\" height=\"168\"\/><\/figure><\/div>\n\n\n\n<p><\/p>\n\n\n\n<p>FMP to wsp\u00f3\u0142praca student\u00f3w, absolwent\u00f3w,<br> profesjonalist\u00f3w i r\u00f3\u017cnych podmiot\u00f3w rynku<br> pracy. Cel, to zdobywanie do\u015bwiadczenia<br> zawodowego pod okiem mentor\u00f3w,<br> budowanie wsp\u00f3\u0142pracy \u015brodowiska<br> akademickiego z rynkiem pracy i promowanie<br> przedsi\u0119biorczo\u015bci w\u015br\u00f3d m\u0142odych ludzi.<\/p>\n\n\n\n<p>Aktualno\u015bci na FB: <a href=\"https:\/\/www.facebook.com\/FabrykaMlodych\">https:\/\/www.facebook.com\/FabrykaMlodych<\/a>\/<\/p>\n","protected":false},"excerpt":{"rendered":"<p>FMP to wsp\u00f3\u0142praca student\u00f3w, absolwent\u00f3w, profesjonalist\u00f3w i r\u00f3\u017cnych podmiot\u00f3w rynku pracy. Cel, to zdobywanie do\u015bwiadczenia zawodowego pod okiem mentor\u00f3w, budowanie wsp\u00f3\u0142pracy \u015brodowiska akademickiego z rynkiem pracy i promowanie przedsi\u0119biorczo\u015bci w\u015br\u00f3d m\u0142odych ludzi. Aktualno\u015bci na FB: https:\/\/www.facebook.com\/FabrykaMlodych\/<\/p>\n","protected":false},"author":1,"featured_media":0,"parent":8,"menu_order":10,"comment_status":"closed","ping_status":"closed","template":"","meta":[],"_links":{"self":[{"href":"http:\/\/rozwoj.amu.edu.pl\/index.php?rest_route=\/wp\/v2\/pages\/19"}],"collection":[{"href":"http:\/\/rozwoj.amu.edu.pl\/index.php?rest_route=\/wp\/v2\/pages"}],"about":[{"href":"http:\/\/rozwoj.amu.edu.pl\/index.php?rest_route=\/wp\/v2\/types\/page"}],"author":[{"embeddable":true,"href":"http:\/\/rozwoj.amu.edu.pl\/index.php?rest_route=\/wp\/v2\/users\/1"}],"replies":[{"embeddable":true,"href":"http:\/\/rozwoj.amu.edu.pl\/index.php?rest_route=%2Fwp%2Fv2%2Fcomments&post=19"}],"version-history":[{"count":7,"href":"http:\/\/rozwoj.amu.edu.pl\/index.php?rest_route=\/wp\/v2\/pages\/19\/revisions"}],"predecessor-version":[{"id":148,"href":"http:\/\/rozwoj.amu.edu.pl\/index.php?rest_route=\/wp\/v2\/pages\/19\/revisions\/148"}],"up":[{"embeddable":true,"href":"http:\/\/rozwoj.amu.edu.pl\/index.php?rest_route=\/wp\/v2\/pages\/8"}],"wp:attachment":[{"href":"http:\/\/rozwoj.amu.edu.pl\/index.php?rest_route=%2Fwp%2Fv2%2Fmedia&parent=19"}],"curies":[{"name":"wp","href":"https:\/\/api.w.org\/{rel}","templated":true}]}}