{"id":2,"date":"2018-02-05T13:31:10","date_gmt":"2018-02-05T12:31:10","guid":{"rendered":"https:\/\/wordpress.home.amu.edu.pl\/?page_id=2"},"modified":"2020-03-27T18:02:30","modified_gmt":"2020-03-27T17:02:30","slug":"przykladowa-strona","status":"publish","type":"page","link":"http:\/\/rozwoj.amu.edu.pl\/","title":{"rendered":"Historia"},"content":{"rendered":"<h5><span style=\"color: #ff6600;\"><em><strong>W zwi\u0105zku z tym, \u017ce niniejsza strona Zak\u0142adu Psychologii Rozwoju jest nadal w budowie odsy\u0142amy tak\u017ce do informacji zawartych na wcze\u015bniejszych stronach reprezentuj\u0105cych nasze Zak\u0142ady (przed po\u0142\u0105czeniem w Zak\u0142ad Psychologii Rozwoju)<\/strong>:<\/em><\/span><\/h5>\n<ul>\n<li><a href=\"http:\/\/zpsiwr.home.amu.edu.pl\/\">Zak\u0142ad Psychologii Socjalizacji i Wspomagania Rozwoju (http:\/\/zpsiwr.home.amu.edu.pl\/)<\/a><\/li>\n<li><a href=\"http:\/\/pribnr.home.amu.edu.pl\/\">Zak\u0142ad Psychologii Rozwoju Cz\u0142owieka i Bada\u0144 nad Rodzin\u0105 (http:\/\/pribnr.home.amu.edu.pl\/)<\/a><\/li>\n<\/ul>\n<p><strong>Zak\u0142ad Psychologii Rozwoju<\/strong> mimo, \u017ce zosta\u0142 powo\u0142any w 2019 roku ma d\u0142ug\u0105 i bogat\u0105 tradycj\u0119. Powsta\u0142 z po\u0142\u0105czenia Zak\u0142adu Psychologii Socjalizacji i Wspomagania Rozwoju utworzonego w 1991 roku i kierowanego przez wiele lat przez prof. Ann\u0119 Brzezi\u0144sk\u0105, a nast\u0119pnie przez prof. UAM B\u0142a\u017ceja Smykowskiego i Zak\u0142adu Psychologii Rozwoju Cz\u0142owieka i Bada\u0144 nad Rodzin\u0105 utworzonego w 1993 i kierowanego przez wiele lat przez prof. UAM Barbar\u0119 Harwas-Napiera\u0142\u0119, a nast\u0119pnie przez prof. UAM Lucyn\u0119 Bakier\u0119. Oba po\u0142\u0105czone zak\u0142ady wywodzi\u0142y si\u0119 z kolei z Zak\u0142adu Psychologii Rozwojowej i Wychowawczej utworzonego w 1969 roku i kierowanego przez ca\u0142y okres jego istnienia przez prof. Mari\u0119 Tyszkow\u0105. <strong>Zak\u0142ad Psychologii Rozwoju<\/strong> kontynuuje i rozwija programy badawcze wszystkich tych trzech zak\u0142ad\u00f3w. Przedmiotem zainteresowania cz\u0142onk\u00f3w zak\u0142adu s\u0105 studia teoretyczne i badania empiryczne z zakresu modeli i determinant rozwoju i ewolucji cz\u0142owieka, kulturowych i biologicznych podstaw proces\u00f3w uczenia si\u0119 i nauczania, bada\u0144 nad ekologi\u0105 \u017cycia i rozwoju cz\u0142owieka, a szczeg\u00f3lnie nad \u015brodowiskami szkolnymi i rodzin\u0105. Przy Zak\u0142adzie Psychologii Rozwoju dzia\u0142a Laboratorium Badania Rozwoju i Uczenia si\u0119 LaBRiU kt\u00f3rego kierownikiem jest prof. UAM dr hab. B\u0142a\u017cej Smykowski, oraz Ko\u0142a Naukowe: Psychologia Rodziny kt\u00f3rego opiekunem jest prof. UAM dr hab. Lucyna Bakiera, Bli\u017cej Neuropsychologii kt\u00f3rego opiekunem jest dr S\u0142awomir Jab\u0142o\u0144ski. Prowadzona przez cz\u0142onk\u00f3w zak\u0142adu dydaktyka koncentruje si\u0119 na problemach dotycz\u0105cych psychologii rozwoju i ewolucji cz\u0142owieka, zdrowia publicznego, psychologii edukacji i animacji spo\u0142eczno\u015bci lokalnych.<\/p>\n\n\n<p><\/p>\n","protected":false},"excerpt":{"rendered":"<p>W zwi\u0105zku z tym, \u017ce niniejsza strona Zak\u0142adu Psychologii Rozwoju jest nadal w budowie odsy\u0142amy tak\u017ce do informacji zawartych na wcze\u015bniejszych stronach reprezentuj\u0105cych nasze Zak\u0142ady (przed po\u0142\u0105czeniem w Zak\u0142ad Psychologii Rozwoju): Zak\u0142ad Psychologii Socjalizacji i Wspomagania Rozwoju (http:\/\/zpsiwr.home.amu.edu.pl\/) Zak\u0142ad Psychologii Rozwoju Cz\u0142owieka i Bada\u0144 nad Rodzin\u0105 (http:\/\/pribnr.home.amu.edu.pl\/) Zak\u0142ad Psychologii Rozwoju mimo, \u017ce zosta\u0142 powo\u0142any w [&hellip;]<\/p>\n","protected":false},"author":1,"featured_media":0,"parent":0,"menu_order":0,"comment_status":"closed","ping_status":"open","template":"","meta":[],"_links":{"self":[{"href":"http:\/\/rozwoj.amu.edu.pl\/index.php?rest_route=\/wp\/v2\/pages\/2"}],"collection":[{"href":"http:\/\/rozwoj.amu.edu.pl\/index.php?rest_route=\/wp\/v2\/pages"}],"about":[{"href":"http:\/\/rozwoj.amu.edu.pl\/index.php?rest_route=\/wp\/v2\/types\/page"}],"author":[{"embeddable":true,"href":"http:\/\/rozwoj.amu.edu.pl\/index.php?rest_route=\/wp\/v2\/users\/1"}],"replies":[{"embeddable":true,"href":"http:\/\/rozwoj.amu.edu.pl\/index.php?rest_route=%2Fwp%2Fv2%2Fcomments&post=2"}],"version-history":[{"count":9,"href":"http:\/\/rozwoj.amu.edu.pl\/index.php?rest_route=\/wp\/v2\/pages\/2\/revisions"}],"predecessor-version":[{"id":200,"href":"http:\/\/rozwoj.amu.edu.pl\/index.php?rest_route=\/wp\/v2\/pages\/2\/revisions\/200"}],"wp:attachment":[{"href":"http:\/\/rozwoj.amu.edu.pl\/index.php?rest_route=%2Fwp%2Fv2%2Fmedia&parent=2"}],"curies":[{"name":"wp","href":"https:\/\/api.w.org\/{rel}","templated":true}]}}