{"id":230,"date":"2020-09-17T10:04:15","date_gmt":"2020-09-17T08:04:15","guid":{"rendered":"http:\/\/rozwoj.amu.edu.pl\/?page_id=230"},"modified":"2020-09-17T10:30:35","modified_gmt":"2020-09-17T08:30:35","slug":"psychologia-rok-4-5","status":"publish","type":"page","link":"http:\/\/rozwoj.amu.edu.pl\/?page_id=230","title":{"rendered":"Psychologia &#8211; rok 4-5"},"content":{"rendered":"\n<p><a href=\"http:\/\/rozwoj.amu.edu.pl\/?page_id=237\">Psychologia stosowana: Psychologia edukacji<\/a><\/p>\n\n\n\n<p><a href=\"http:\/\/rozwoj.amu.edu.pl\/?page_id=116\">Specjalno\u015b\u0107: Animacja spo\u0142eczno\u015bci lokalnych<\/a><\/p>\n\n\n\n<p><a href=\"http:\/\/rozwoj.amu.edu.pl\/?page_id=107\">Specjalno\u015b\u0107: Organizacja \u015brodowiska uczenia si\u0119 a specyficzne potrzeby edukacyjne<\/a><\/p>\n\n\n\n<p><a href=\"http:\/\/rozwoj.amu.edu.pl\/?page_id=109\">Seminaria fakultatywne<\/a><\/p>\n\n\n\n<p><a href=\"http:\/\/rozwoj.amu.edu.pl\/?page_id=111\">Seminaria magisterskie<\/a><\/p>\n","protected":false},"excerpt":{"rendered":"<p>Psychologia stosowana: Psychologia edukacji Specjalno\u015b\u0107: Animacja spo\u0142eczno\u015bci lokalnych Specjalno\u015b\u0107: Organizacja \u015brodowiska uczenia si\u0119 a specyficzne potrzeby edukacyjne Seminaria fakultatywne Seminaria magisterskie<\/p>\n","protected":false},"author":2,"featured_media":0,"parent":10,"menu_order":0,"comment_status":"closed","ping_status":"closed","template":"","meta":[],"_links":{"self":[{"href":"http:\/\/rozwoj.amu.edu.pl\/index.php?rest_route=\/wp\/v2\/pages\/230"}],"collection":[{"href":"http:\/\/rozwoj.amu.edu.pl\/index.php?rest_route=\/wp\/v2\/pages"}],"about":[{"href":"http:\/\/rozwoj.amu.edu.pl\/index.php?rest_route=\/wp\/v2\/types\/page"}],"author":[{"embeddable":true,"href":"http:\/\/rozwoj.amu.edu.pl\/index.php?rest_route=\/wp\/v2\/users\/2"}],"replies":[{"embeddable":true,"href":"http:\/\/rozwoj.amu.edu.pl\/index.php?rest_route=%2Fwp%2Fv2%2Fcomments&post=230"}],"version-history":[{"count":3,"href":"http:\/\/rozwoj.amu.edu.pl\/index.php?rest_route=\/wp\/v2\/pages\/230\/revisions"}],"predecessor-version":[{"id":240,"href":"http:\/\/rozwoj.amu.edu.pl\/index.php?rest_route=\/wp\/v2\/pages\/230\/revisions\/240"}],"up":[{"embeddable":true,"href":"http:\/\/rozwoj.amu.edu.pl\/index.php?rest_route=\/wp\/v2\/pages\/10"}],"wp:attachment":[{"href":"http:\/\/rozwoj.amu.edu.pl\/index.php?rest_route=%2Fwp%2Fv2%2Fmedia&parent=230"}],"curies":[{"name":"wp","href":"https:\/\/api.w.org\/{rel}","templated":true}]}}