{"id":237,"date":"2020-09-17T10:22:46","date_gmt":"2020-09-17T08:22:46","guid":{"rendered":"http:\/\/rozwoj.amu.edu.pl\/?page_id=237"},"modified":"2020-10-14T14:52:30","modified_gmt":"2020-10-14T12:52:30","slug":"psychologia-stosowana-psychologia-edukacji","status":"publish","type":"page","link":"http:\/\/rozwoj.amu.edu.pl\/?page_id=237","title":{"rendered":"Psychologia stosowana: Psychologia edukacji"},"content":{"rendered":"\n<p>Przedmiot stwarza okazj\u0119 opanowania podstawowej wiedzy dotycz\u0105cej potrzeb edukacyjnych w poszczeg\u00f3lnych okresach rozwoju cz\u0142owieka, znaczenia procesu edukacji dla procesu rozwoju cz\u0142owieka, rozwojowych podstaw procesu nauczania i uczenia si\u0119. Uwra\u017cliwia na problem budowania gotowo\u015bci do przyj\u0119cia oferty edukacyjnej. Naszym celem jest rozwijanie wiedzy dotycz\u0105cej organizacji \u015brodowiska uczenia si\u0119 i metod diagnozowania warunk\u00f3w realizacji ofert edukacyjnych. Zapoznanie uczestnik\u00f3w zaj\u0119\u0107 z metodyk\u0105 eksperymentu psychologicznego oraz \u00a0z teoretycznymi podstawami konstrukcji metod badania psychologicznego dla potrzeb edukacji, ich w\u0142a\u015bciwo\u015bciami psychometrycznymi i najwa\u017cniejszymi zasadami stosowania. Poznanie specyfiki r\u00f3\u017cnorodnych plac\u00f3wek edukacyjnych i zada\u0144 pomocy psychologicznej.<\/p>\n\n\n\n<p><a href=\"http:\/\/rozwoj.amu.edu.pl\/?page_id=307\">Materia\u0142y do zaj\u0119\u0107<\/a><\/p>\n","protected":false},"excerpt":{"rendered":"<p>Przedmiot stwarza okazj\u0119 opanowania podstawowej wiedzy dotycz\u0105cej potrzeb edukacyjnych w poszczeg\u00f3lnych okresach rozwoju cz\u0142owieka, znaczenia procesu edukacji dla procesu rozwoju cz\u0142owieka, rozwojowych podstaw procesu nauczania i uczenia si\u0119. Uwra\u017cliwia na problem budowania gotowo\u015bci do przyj\u0119cia oferty edukacyjnej. Naszym celem jest rozwijanie wiedzy dotycz\u0105cej organizacji \u015brodowiska uczenia si\u0119 i metod diagnozowania warunk\u00f3w realizacji ofert edukacyjnych. Zapoznanie [&hellip;]<\/p>\n","protected":false},"author":2,"featured_media":0,"parent":230,"menu_order":0,"comment_status":"closed","ping_status":"closed","template":"","meta":[],"_links":{"self":[{"href":"http:\/\/rozwoj.amu.edu.pl\/index.php?rest_route=\/wp\/v2\/pages\/237"}],"collection":[{"href":"http:\/\/rozwoj.amu.edu.pl\/index.php?rest_route=\/wp\/v2\/pages"}],"about":[{"href":"http:\/\/rozwoj.amu.edu.pl\/index.php?rest_route=\/wp\/v2\/types\/page"}],"author":[{"embeddable":true,"href":"http:\/\/rozwoj.amu.edu.pl\/index.php?rest_route=\/wp\/v2\/users\/2"}],"replies":[{"embeddable":true,"href":"http:\/\/rozwoj.amu.edu.pl\/index.php?rest_route=%2Fwp%2Fv2%2Fcomments&post=237"}],"version-history":[{"count":3,"href":"http:\/\/rozwoj.amu.edu.pl\/index.php?rest_route=\/wp\/v2\/pages\/237\/revisions"}],"predecessor-version":[{"id":309,"href":"http:\/\/rozwoj.amu.edu.pl\/index.php?rest_route=\/wp\/v2\/pages\/237\/revisions\/309"}],"up":[{"embeddable":true,"href":"http:\/\/rozwoj.amu.edu.pl\/index.php?rest_route=\/wp\/v2\/pages\/230"}],"wp:attachment":[{"href":"http:\/\/rozwoj.amu.edu.pl\/index.php?rest_route=%2Fwp%2Fv2%2Fmedia&parent=237"}],"curies":[{"name":"wp","href":"https:\/\/api.w.org\/{rel}","templated":true}]}}