{"id":246,"date":"2020-09-17T10:38:57","date_gmt":"2020-09-17T08:38:57","guid":{"rendered":"http:\/\/rozwoj.amu.edu.pl\/?page_id=246"},"modified":"2020-10-26T21:43:42","modified_gmt":"2020-10-26T20:43:42","slug":"seminarium-magisterskie-dr-julita-wojciechowska","status":"publish","type":"page","link":"http:\/\/rozwoj.amu.edu.pl\/?page_id=246","title":{"rendered":"Seminarium magisterskie &#8211; dr Julita Wojciechowska"},"content":{"rendered":"\n<p>Na seminarium zapraszam osoby zainteresowane tematyk\u0105 kszta\u0142towania nawyk\u00f3w \u017cywieniowych dzieci. Szczeg\u00f3lnie interesuje mnie badanie interakcji rodzinnych podczas posi\u0142ku i ich znaczenie dla kszta\u0142towania si\u0119 nawyk\u00f3w \u017cywieniowych oraz dla budowania gotowo\u015bci dziecka do zdrowej<br>samoregulacji g\u0142odu i syto\u015bci. W ramach seminarium podejmuj\u0119 r\u00f3wnie\u017c problematyk\u0119 tzw. psychologicznego \u015brodowiska \u017cywieniowego i jego znaczenia w procesie budowania przyzwyczaje\u0144 \u017cywieniowych dzieci i m\u0142odzie\u017cy. Z powodu braku polskoj\u0119zycznej literatury w tym zakresie, wymagana jest bierna znajomo\u015b\u0107 j\u0119zyka angielskiego.<\/p>\n","protected":false},"excerpt":{"rendered":"<p>Na seminarium zapraszam osoby zainteresowane tematyk\u0105 kszta\u0142towania nawyk\u00f3w \u017cywieniowych dzieci. Szczeg\u00f3lnie interesuje mnie badanie interakcji rodzinnych podczas posi\u0142ku i ich znaczenie dla kszta\u0142towania si\u0119 nawyk\u00f3w \u017cywieniowych oraz dla budowania gotowo\u015bci dziecka do zdrowejsamoregulacji g\u0142odu i syto\u015bci. W ramach seminarium podejmuj\u0119 r\u00f3wnie\u017c problematyk\u0119 tzw. psychologicznego \u015brodowiska \u017cywieniowego i jego znaczenia w procesie budowania przyzwyczaje\u0144 \u017cywieniowych dzieci [&hellip;]<\/p>\n","protected":false},"author":2,"featured_media":0,"parent":111,"menu_order":0,"comment_status":"closed","ping_status":"closed","template":"","meta":[],"_links":{"self":[{"href":"http:\/\/rozwoj.amu.edu.pl\/index.php?rest_route=\/wp\/v2\/pages\/246"}],"collection":[{"href":"http:\/\/rozwoj.amu.edu.pl\/index.php?rest_route=\/wp\/v2\/pages"}],"about":[{"href":"http:\/\/rozwoj.amu.edu.pl\/index.php?rest_route=\/wp\/v2\/types\/page"}],"author":[{"embeddable":true,"href":"http:\/\/rozwoj.amu.edu.pl\/index.php?rest_route=\/wp\/v2\/users\/2"}],"replies":[{"embeddable":true,"href":"http:\/\/rozwoj.amu.edu.pl\/index.php?rest_route=%2Fwp%2Fv2%2Fcomments&post=246"}],"version-history":[{"count":5,"href":"http:\/\/rozwoj.amu.edu.pl\/index.php?rest_route=\/wp\/v2\/pages\/246\/revisions"}],"predecessor-version":[{"id":327,"href":"http:\/\/rozwoj.amu.edu.pl\/index.php?rest_route=\/wp\/v2\/pages\/246\/revisions\/327"}],"up":[{"embeddable":true,"href":"http:\/\/rozwoj.amu.edu.pl\/index.php?rest_route=\/wp\/v2\/pages\/111"}],"wp:attachment":[{"href":"http:\/\/rozwoj.amu.edu.pl\/index.php?rest_route=%2Fwp%2Fv2%2Fmedia&parent=246"}],"curies":[{"name":"wp","href":"https:\/\/api.w.org\/{rel}","templated":true}]}}