{"id":320,"date":"2020-10-26T21:38:38","date_gmt":"2020-10-26T20:38:38","guid":{"rendered":"http:\/\/rozwoj.amu.edu.pl\/?page_id=320"},"modified":"2020-10-26T21:40:34","modified_gmt":"2020-10-26T20:40:34","slug":"seminarium-magisterskie-dr-karolina-appelt","status":"publish","type":"page","link":"http:\/\/rozwoj.amu.edu.pl\/?page_id=320","title":{"rendered":"Seminarium magisterskie &#8211; dr Karolina Appelt"},"content":{"rendered":"\n<p>Proponowany zakres tematyczny seminarium dotyczy problematyki jako\u015bci \u017cycia dzieci i jako\u015bci ich \u015brodowisk rozwoju, diagnozy psychologicznej dziecka i jego rodziny: (1) zasob\u00f3w dziecka, w tym diagnozy jego potrzeb rozwojowych, (2) zasob\u00f3w opiekun\u00f3w dziecka \u2013 naturalnych w rodzinie i opiekun\u00f3w zawodowych oraz (3) jako\u015bci otoczenia fizycznego i spo\u0142ecznego (m in. relacji z rodzicami\/opiekunami, rodze\u0144stwem) w kt\u00f3rym rozwijaj\u0105 si\u0119 dzieci.<\/p>\n\n\n\n<p>Zapraszam osoby zainteresowane tematyk\u0105 problem\u00f3w badawczych ogniskuj\u0105cych si\u0119 wok\u00f3\u0142 poszukiwania uwarunkowa\u0144 odmiennych obraz\u00f3w funkcjonowania r\u00f3\u017cnych grup ma\u0142ych dzieci, ich potencja\u0142\u00f3w, czynnik\u00f3w ryzyka zaburze\u0144 funkcjonowania, rozpatrywanych r\u00f3wnie\u017c w kontek\u015bcie wsp\u00f3\u0142czesnych przemian kulturowo-spo\u0142ecznych (dominacji kultury prefiguratywnej, a z drugiej strony problem\u00f3w demograficznych, niskiej dzietno\u015bci oraz przemian w podejmowaniu i pe\u0142nieniu r\u00f3l rodzinnych i zawodowych).<\/p>\n\n\n\n<p><\/p>\n\n\n\n<p><\/p>\n\n\n\n<p><\/p>\n","protected":false},"excerpt":{"rendered":"<p>Proponowany zakres tematyczny seminarium dotyczy problematyki jako\u015bci \u017cycia dzieci i jako\u015bci ich \u015brodowisk rozwoju, diagnozy psychologicznej dziecka i jego rodziny: (1) zasob\u00f3w dziecka, w tym diagnozy jego potrzeb rozwojowych, (2) zasob\u00f3w opiekun\u00f3w dziecka \u2013 naturalnych w rodzinie i opiekun\u00f3w zawodowych oraz (3) jako\u015bci otoczenia fizycznego i spo\u0142ecznego (m in. relacji z rodzicami\/opiekunami, rodze\u0144stwem) w kt\u00f3rym [&hellip;]<\/p>\n","protected":false},"author":2,"featured_media":0,"parent":111,"menu_order":0,"comment_status":"closed","ping_status":"closed","template":"","meta":[],"_links":{"self":[{"href":"http:\/\/rozwoj.amu.edu.pl\/index.php?rest_route=\/wp\/v2\/pages\/320"}],"collection":[{"href":"http:\/\/rozwoj.amu.edu.pl\/index.php?rest_route=\/wp\/v2\/pages"}],"about":[{"href":"http:\/\/rozwoj.amu.edu.pl\/index.php?rest_route=\/wp\/v2\/types\/page"}],"author":[{"embeddable":true,"href":"http:\/\/rozwoj.amu.edu.pl\/index.php?rest_route=\/wp\/v2\/users\/2"}],"replies":[{"embeddable":true,"href":"http:\/\/rozwoj.amu.edu.pl\/index.php?rest_route=%2Fwp%2Fv2%2Fcomments&post=320"}],"version-history":[{"count":2,"href":"http:\/\/rozwoj.amu.edu.pl\/index.php?rest_route=\/wp\/v2\/pages\/320\/revisions"}],"predecessor-version":[{"id":322,"href":"http:\/\/rozwoj.amu.edu.pl\/index.php?rest_route=\/wp\/v2\/pages\/320\/revisions\/322"}],"up":[{"embeddable":true,"href":"http:\/\/rozwoj.amu.edu.pl\/index.php?rest_route=\/wp\/v2\/pages\/111"}],"wp:attachment":[{"href":"http:\/\/rozwoj.amu.edu.pl\/index.php?rest_route=%2Fwp%2Fv2%2Fmedia&parent=320"}],"curies":[{"name":"wp","href":"https:\/\/api.w.org\/{rel}","templated":true}]}}