{"id":381,"date":"2021-09-27T13:36:29","date_gmt":"2021-09-27T11:36:29","guid":{"rendered":"http:\/\/rozwoj.amu.edu.pl\/?page_id=381"},"modified":"2021-09-27T13:36:30","modified_gmt":"2021-09-27T11:36:30","slug":"seminarium-magisterskie-dr-slawomir-jablonski","status":"publish","type":"page","link":"http:\/\/rozwoj.amu.edu.pl\/?page_id=381","title":{"rendered":"Seminarium magisterskie &#8211; dr S\u0142awomir Jab\u0142o\u0144ski"},"content":{"rendered":"\n<p>Zapraszam osoby zainteresowane rozwojem gotowo\u015bci do uczenia si\u0119, rozumianej jako dopasowanie poziomu sprawno\u015bci funkcji psychicznych i wymaga\u0144 sytuacji edukacyjnych. Szczeg\u00f3ln\u0105 rol\u0119 w tym dopasowaniu odgrywaj\u0105 mowa pisana (wy\u017csza funkcja psychiczna odpowiedzialna za umiej\u0119tno\u015b\u0107 komunikowania si\u0119 za pomoc\u0105 pisma), funkcje wykonawcze oraz funkcje wiod\u0105ce w danym etapie rozwoju cz\u0142owieka. R\u00f3wnie\u017c same zadania edukacyjne wi\u0105\u017c\u0105 si\u0119 ze zr\u00f3\u017cnicowanymi wymaganiami w zakresie organizacji funkcjonowania psychicznego w stosunku do os\u00f3b, kt\u00f3re je realizuj\u0105. W ramach seminarium proponuj\u0119 badanie uwarunkowa\u0144 i rozwoju gotowo\u015bci do uczenia si\u0119 oraz jej zwi\u0105zk\u00f3w z innymi obszarami funkcjonowania cz\u0142owieka, a tak\u017ce odkrywanie mo\u017cliwo\u015bci wykorzystania w tym zakresie nowych narz\u0119dzi: Baterii do Oceny Czytania i Pisania oraz Sortowania Kart dla Dzieci.<\/p>\n","protected":false},"excerpt":{"rendered":"<p>Zapraszam osoby zainteresowane rozwojem gotowo\u015bci do uczenia si\u0119, rozumianej jako dopasowanie poziomu sprawno\u015bci funkcji psychicznych i wymaga\u0144 sytuacji edukacyjnych. Szczeg\u00f3ln\u0105 rol\u0119 w tym dopasowaniu odgrywaj\u0105 mowa pisana (wy\u017csza funkcja psychiczna odpowiedzialna za umiej\u0119tno\u015b\u0107 komunikowania si\u0119 za pomoc\u0105 pisma), funkcje wykonawcze oraz funkcje wiod\u0105ce w danym etapie rozwoju cz\u0142owieka. R\u00f3wnie\u017c same zadania edukacyjne wi\u0105\u017c\u0105 si\u0119 ze [&hellip;]<\/p>\n","protected":false},"author":2,"featured_media":0,"parent":111,"menu_order":2,"comment_status":"closed","ping_status":"closed","template":"","meta":[],"_links":{"self":[{"href":"http:\/\/rozwoj.amu.edu.pl\/index.php?rest_route=\/wp\/v2\/pages\/381"}],"collection":[{"href":"http:\/\/rozwoj.amu.edu.pl\/index.php?rest_route=\/wp\/v2\/pages"}],"about":[{"href":"http:\/\/rozwoj.amu.edu.pl\/index.php?rest_route=\/wp\/v2\/types\/page"}],"author":[{"embeddable":true,"href":"http:\/\/rozwoj.amu.edu.pl\/index.php?rest_route=\/wp\/v2\/users\/2"}],"replies":[{"embeddable":true,"href":"http:\/\/rozwoj.amu.edu.pl\/index.php?rest_route=%2Fwp%2Fv2%2Fcomments&post=381"}],"version-history":[{"count":1,"href":"http:\/\/rozwoj.amu.edu.pl\/index.php?rest_route=\/wp\/v2\/pages\/381\/revisions"}],"predecessor-version":[{"id":382,"href":"http:\/\/rozwoj.amu.edu.pl\/index.php?rest_route=\/wp\/v2\/pages\/381\/revisions\/382"}],"up":[{"embeddable":true,"href":"http:\/\/rozwoj.amu.edu.pl\/index.php?rest_route=\/wp\/v2\/pages\/111"}],"wp:attachment":[{"href":"http:\/\/rozwoj.amu.edu.pl\/index.php?rest_route=%2Fwp%2Fv2%2Fmedia&parent=381"}],"curies":[{"name":"wp","href":"https:\/\/api.w.org\/{rel}","templated":true}]}}