{"id":8,"date":"2020-01-10T21:56:09","date_gmt":"2020-01-10T20:56:09","guid":{"rendered":"http:\/\/labriu-rozwoj.home.amu.edu.pl\/?page_id=8"},"modified":"2020-03-26T15:30:31","modified_gmt":"2020-03-26T14:30:31","slug":"dla-studentow","status":"publish","type":"page","link":"http:\/\/rozwoj.amu.edu.pl\/?page_id=8","title":{"rendered":"Dla student\u00f3w"},"content":{"rendered":"\n<h4>Pliki dla student\u00f3w dost\u0119pne s\u0105 na stronach Zak\u0142ad\u00f3w sprzed po\u0142\u0105czenia w Zak\u0142ad Psychologii Rozwoju:<\/h4>\n\n\n\n<ul><li><a href=\"http:\/\/zpsiwr.home.amu.edu.pl\/\">Zak\u0142ad Psychologii Socjalizacji i Wspomagania Rozwoju (http:\/\/zpsiwr.home.amu.edu.pl\/)<\/a><\/li><li><a href=\"http:\/\/pribnr.home.amu.edu.pl\/\">Zak\u0142\u0105d Psychologii Rozwoju Cz\u0142owieka i Bada\u0144 nad Rodzin\u0105 (http:\/\/pribnr.home.amu.edu.pl\/)<\/a><\/li><\/ul>\n","protected":false},"excerpt":{"rendered":"<p>Pliki dla student\u00f3w dost\u0119pne s\u0105 na stronach Zak\u0142ad\u00f3w sprzed po\u0142\u0105czenia w Zak\u0142ad Psychologii Rozwoju: Zak\u0142ad Psychologii Socjalizacji i Wspomagania Rozwoju (http:\/\/zpsiwr.home.amu.edu.pl\/) Zak\u0142\u0105d Psychologii Rozwoju Cz\u0142owieka i Bada\u0144 nad Rodzin\u0105 (http:\/\/pribnr.home.amu.edu.pl\/)<\/p>\n","protected":false},"author":1,"featured_media":0,"parent":0,"menu_order":4,"comment_status":"closed","ping_status":"closed","template":"","meta":[],"_links":{"self":[{"href":"http:\/\/rozwoj.amu.edu.pl\/index.php?rest_route=\/wp\/v2\/pages\/8"}],"collection":[{"href":"http:\/\/rozwoj.amu.edu.pl\/index.php?rest_route=\/wp\/v2\/pages"}],"about":[{"href":"http:\/\/rozwoj.amu.edu.pl\/index.php?rest_route=\/wp\/v2\/types\/page"}],"author":[{"embeddable":true,"href":"http:\/\/rozwoj.amu.edu.pl\/index.php?rest_route=\/wp\/v2\/users\/1"}],"replies":[{"embeddable":true,"href":"http:\/\/rozwoj.amu.edu.pl\/index.php?rest_route=%2Fwp%2Fv2%2Fcomments&post=8"}],"version-history":[{"count":2,"href":"http:\/\/rozwoj.amu.edu.pl\/index.php?rest_route=\/wp\/v2\/pages\/8\/revisions"}],"predecessor-version":[{"id":192,"href":"http:\/\/rozwoj.amu.edu.pl\/index.php?rest_route=\/wp\/v2\/pages\/8\/revisions\/192"}],"wp:attachment":[{"href":"http:\/\/rozwoj.amu.edu.pl\/index.php?rest_route=%2Fwp%2Fv2%2Fmedia&parent=8"}],"curies":[{"name":"wp","href":"https:\/\/api.w.org\/{rel}","templated":true}]}}