{"id":98,"date":"2020-01-14T21:09:11","date_gmt":"2020-01-14T20:09:11","guid":{"rendered":"http:\/\/labriu-rozwoj.home.amu.edu.pl\/?page_id=98"},"modified":"2020-09-28T21:55:45","modified_gmt":"2020-09-28T19:55:45","slug":"biologiczne-podstawy-zachowan","status":"publish","type":"page","link":"http:\/\/rozwoj.amu.edu.pl\/?page_id=98","title":{"rendered":"Biologiczne podstawy zachowa\u0144"},"content":{"rendered":"\n<p>Wszelka aktywno\u015b\u0107 psychiczna wymaga zaanga\u017cowania uk\u0142adu nerwowego jako materialnego no\u015bnika proces\u00f3w poznawczych i emocjonalnych. Spos\u00f3b organizacji funkcjonowania uk\u0142adu nerwowego z jednej strony wyznacza wi\u0119c granice zar\u00f3wno aktywno\u015bci psychicznej cz\u0142owieka jak i obserwowalnym zachowaniom, poprzez kt\u00f3re owa aktywno\u015b\u0107 si\u0119 ujawnia. Z drugiej strony, jako cz\u0119\u015b\u0107 organizmu biologicznego system nerwowy w efekcie interakcji ze \u015brodowiskiem sam podlega modyfikacji. Psycholog, kt\u00f3ry rozumie zasady funkcjonowania psychiki ludzkiej i zna mechanizmy dzia\u0142ania system\u00f3w m\u00f3zgowych oraz zakres w jakim mog\u0105 one ulega\u0107 przekszta\u0142ceniom, jest bardziej efektywny w wykonywaniu powierzonych mu zada\u0144. Celem wyk\u0142adu realizowanego w ramach kursu obowi\u0105zkowego dla student\u00f3w I roku psychologii jest 1) zapoznanie uczestnik\u00f3w zaj\u0119\u0107 z podstawow\u0105 wiedz\u0105 dotycz\u0105c\u0105 budowy i fizjologii o\u015brodkowego uk\u0142adu nerwowego cz\u0142owieka, oraz 2) u\u015bwiadomienie zakresu wp\u0142ywu jaki na ten uk\u0142ad mo\u017ce wywiera\u0107 szeroko rozumiane \u015brodowisko.<\/p>\n\n\n\n<h4><a href=\"http:\/\/rozwoj.amu.edu.pl\/?page_id=270\">Materia\u0142y do zaj\u0119\u0107<\/a><\/h4>\n","protected":false},"excerpt":{"rendered":"<p>Wszelka aktywno\u015b\u0107 psychiczna wymaga zaanga\u017cowania uk\u0142adu nerwowego jako materialnego no\u015bnika proces\u00f3w poznawczych i emocjonalnych. Spos\u00f3b organizacji funkcjonowania uk\u0142adu nerwowego z jednej strony wyznacza wi\u0119c granice zar\u00f3wno aktywno\u015bci psychicznej cz\u0142owieka jak i obserwowalnym zachowaniom, poprzez kt\u00f3re owa aktywno\u015b\u0107 si\u0119 ujawnia. Z drugiej strony, jako cz\u0119\u015b\u0107 organizmu biologicznego system nerwowy w efekcie interakcji ze \u015brodowiskiem sam podlega [&hellip;]<\/p>\n","protected":false},"author":1,"featured_media":0,"parent":228,"menu_order":1,"comment_status":"closed","ping_status":"closed","template":"","meta":[],"_links":{"self":[{"href":"http:\/\/rozwoj.amu.edu.pl\/index.php?rest_route=\/wp\/v2\/pages\/98"}],"collection":[{"href":"http:\/\/rozwoj.amu.edu.pl\/index.php?rest_route=\/wp\/v2\/pages"}],"about":[{"href":"http:\/\/rozwoj.amu.edu.pl\/index.php?rest_route=\/wp\/v2\/types\/page"}],"author":[{"embeddable":true,"href":"http:\/\/rozwoj.amu.edu.pl\/index.php?rest_route=\/wp\/v2\/users\/1"}],"replies":[{"embeddable":true,"href":"http:\/\/rozwoj.amu.edu.pl\/index.php?rest_route=%2Fwp%2Fv2%2Fcomments&post=98"}],"version-history":[{"count":3,"href":"http:\/\/rozwoj.amu.edu.pl\/index.php?rest_route=\/wp\/v2\/pages\/98\/revisions"}],"predecessor-version":[{"id":272,"href":"http:\/\/rozwoj.amu.edu.pl\/index.php?rest_route=\/wp\/v2\/pages\/98\/revisions\/272"}],"up":[{"embeddable":true,"href":"http:\/\/rozwoj.amu.edu.pl\/index.php?rest_route=\/wp\/v2\/pages\/228"}],"wp:attachment":[{"href":"http:\/\/rozwoj.amu.edu.pl\/index.php?rest_route=%2Fwp%2Fv2%2Fmedia&parent=98"}],"curies":[{"name":"wp","href":"https:\/\/api.w.org\/{rel}","templated":true}]}}